{"id":1671,"date":"2025-06-22T21:16:12","date_gmt":"2025-06-23T01:16:12","guid":{"rendered":"https:\/\/aemphilly.org\/?page_id=1671"},"modified":"2025-06-22T21:23:50","modified_gmt":"2025-06-23T01:23:50","slug":"hazte-miembro","status":"publish","type":"page","link":"https:\/\/aemphilly.org\/newstaging\/hazte-miembro\/","title":{"rendered":"Hazte Miembro"},"content":{"rendered":"\t\t<div data-elementor-type=\"wp-page\" data-elementor-id=\"1671\" class=\"elementor elementor-1671\" data-elementor-post-type=\"page\">\n\t\t\t\t<div class=\"elementor-element elementor-element-be7e0d3 e-flex e-con-boxed e-con e-parent\" data-id=\"be7e0d3\" data-element_type=\"container\">\n\t\t\t\t\t<div class=\"e-con-inner\">\n\t\t<div class=\"elementor-element elementor-element-b6eafe6 e-con-full e-flex e-con e-child\" data-id=\"b6eafe6\" data-element_type=\"container\">\n\t\t\t\t<div class=\"elementor-element elementor-element-9fe3062 elementor-hidden-mobile elementor-widget elementor-widget-spacer\" data-id=\"9fe3062\" data-element_type=\"widget\" data-widget_type=\"spacer.default\">\n\t\t\t\t<div class=\"elementor-widget-container\">\n\t\t\t\t\t\t\t<div class=\"elementor-spacer\">\n\t\t\t<div class=\"elementor-spacer-inner\"><\/div>\n\t\t<\/div>\n\t\t\t\t\t\t<\/div>\n\t\t\t\t<\/div>\n\t\t<div class=\"elementor-element elementor-element-85cbbb5 e-flex e-con-boxed e-con e-child\" data-id=\"85cbbb5\" data-element_type=\"container\">\n\t\t\t\t\t<div class=\"e-con-inner\">\n\t\t<div class=\"elementor-element elementor-element-d26c17c e-con-full e-flex e-con e-child\" data-id=\"d26c17c\" data-element_type=\"container\">\n\t\t\t\t<div class=\"elementor-element elementor-element-d0f022c elementor-widget elementor-widget-heading\" data-id=\"d0f022c\" data-element_type=\"widget\" data-widget_type=\"heading.default\">\n\t\t\t\t<div class=\"elementor-widget-container\">\n\t\t\t\t\t<h2 class=\"elementor-heading-title elementor-size-default\">Hazte\u00a0miembro de la\u00a0AEM<\/h2>\t\t\t\t<\/div>\n\t\t\t\t<\/div>\n\t\t\t\t<div class=\"elementor-element elementor-element-0d5a721 elementor-widget__width-initial elementor-widget elementor-widget-text-editor\" data-id=\"0d5a721\" data-element_type=\"widget\" data-widget_type=\"text-editor.default\">\n\t\t\t\t<div class=\"elementor-widget-container\">\n\t\t\t\t\t\t\t\t\t<p>Impulsa tu negocio en menos pasos, con m\u00e1s respaldo.<\/p><p><strong>Beneficios clave<\/strong><\/p><ul><li><strong>Capacitaci\u00f3n:<\/strong>\u00a0aprende sobre campa\u00f1as de marketing, fotograf\u00eda, redes sociales y t\u00e8cnicas que ponen tu marca en el mapa.<\/li><li><strong>Conexiones:<\/strong>\u00a0enlaces directos con gobierno, aliados estrat\u00e9gicos y otros emprendedores.<\/li><li><strong>Asistencia t\u00e9cnica:<\/strong> Ayuda con traducciones de documentos, llenado de aplicaciones, orientaci\u00f3n en impuestos y otros temas que afectan directo a tu negocio.<\/li><\/ul><p>\u00danete hoy y convi\u00e9rtete en parte de la red empresarial latina que lidera Filadelfia.<\/p>\t\t\t\t\t\t\t\t<\/div>\n\t\t\t\t<\/div>\n\t\t\t\t<\/div>\n\t\t<div class=\"elementor-element elementor-element-d8079e0 e-con-full e-flex e-con e-child\" data-id=\"d8079e0\" data-element_type=\"container\">\n\t\t\t\t<div class=\"elementor-element elementor-element-c5a2702 elementor-widget elementor-widget-spacer\" data-id=\"c5a2702\" data-element_type=\"widget\" data-widget_type=\"spacer.default\">\n\t\t\t\t<div class=\"elementor-widget-container\">\n\t\t\t\t\t\t\t<div class=\"elementor-spacer\">\n\t\t\t<div class=\"elementor-spacer-inner\"><\/div>\n\t\t<\/div>\n\t\t\t\t\t\t<\/div>\n\t\t\t\t<\/div>\n\t\t<div class=\"elementor-element elementor-element-0c430a2 e-con-full e-flex e-con e-child\" data-id=\"0c430a2\" data-element_type=\"container\">\n\t\t\t\t<div class=\"elementor-element elementor-element-0536df9 elementor-widget elementor-widget-heading\" data-id=\"0536df9\" data-element_type=\"widget\" data-widget_type=\"heading.default\">\n\t\t\t\t<div class=\"elementor-widget-container\">\n\t\t\t\t\t<h2 class=\"elementor-heading-title elementor-size-default\">Proceso de aplicaci\u00f3n<\/h2>\t\t\t\t<\/div>\n\t\t\t\t<\/div>\n\t\t\t\t<div class=\"elementor-element elementor-element-8999610 elementor-widget__width-initial elementor-widget elementor-widget-text-editor\" data-id=\"8999610\" data-element_type=\"widget\" data-widget_type=\"text-editor.default\">\n\t\t\t\t<div class=\"elementor-widget-container\">\n\t\t\t\t\t\t\t\t\t<ol><li>Agenda una videollamada <strong><a href=\"http:\/\/wa.me\/18163724598\">[aqu\u00ed]<\/a><\/strong>\u00a0y cu\u00e9ntanos sobre tu negocio y ubicaci\u00f3n.<\/li><li>Paga la membres\u00eda\u00a0\u2013\u00a0USD\u00a0150 al a\u00f1o.<\/li><li>Proporciona tus datos: nombre del negocio, foto tuya y logotipo.<\/li><li>Te agregaremos a nuestro\u00a0grupo de WhatsApp\u00a0para recibir todas las noticias de la\u00a0AEM.<\/li><\/ol><p><strong>Formas de pago<\/strong><\/p><ul><li>Cheque\u00a0a nombre de\u00a0Association of Mexican Business Owners of Philadelphia<\/li><li>Zelle\u00a0\u2013\u00a0aemphilly@gmail.com<\/li><\/ul>\t\t\t\t\t\t\t\t<\/div>\n\t\t\t\t<\/div>\n\t\t\t\t<\/div>\n\t\t\t\t<\/div>\n\t\t\t\t\t<\/div>\n\t\t\t\t<\/div>\n\t\t\t\t<\/div>\n\t\t\t\t\t<\/div>\n\t\t\t\t<\/div>\n\t\t\t\t<\/div>\n\t\t","protected":false},"excerpt":{"rendered":"<p>Hazte\u00a0miembro de la\u00a0AEM Impulsa tu negocio en menos pasos, con m\u00e1s respaldo. Beneficios clave Capacitaci\u00f3n:\u00a0aprende sobre campa\u00f1as de marketing, fotograf\u00eda, redes sociales y t\u00e8cnicas que ponen tu marca en el mapa. Conexiones:\u00a0enlaces directos con gobierno, aliados estrat\u00e9gicos y otros emprendedores. Asistencia t\u00e9cnica: Ayuda con traducciones de documentos, llenado de aplicaciones, orientaci\u00f3n en impuestos y otros [&hellip;]<\/p>\n","protected":false},"author":2,"featured_media":0,"parent":0,"menu_order":0,"comment_status":"closed","ping_status":"closed","template":"","meta":{"nf_dc_page":"","site-sidebar-layout":"no-sidebar","site-content-layout":"page-builder","ast-site-content-layout":"full-width-container","site-content-style":"default","site-sidebar-style":"default","ast-global-header-display":"","ast-banner-title-visibility":"","ast-main-header-display":"","ast-hfb-above-header-display":"","ast-hfb-below-header-display":"","ast-hfb-mobile-header-display":"","site-post-title":"disabled","ast-breadcrumbs-content":"","ast-featured-img":"disabled","footer-sml-layout":"","ast-disable-related-posts":"","theme-transparent-header-meta":"","adv-header-id-meta":"","stick-header-meta":"","header-above-stick-meta":"","header-main-stick-meta":"","header-below-stick-meta":"","astra-migrate-meta-layouts":"set","ast-page-background-enabled":"default","ast-page-background-meta":{"desktop":{"background-color":"var(--ast-global-color-4)","background-image":"","background-repeat":"repeat","background-position":"center center","background-size":"auto","background-attachment":"scroll","background-type":"","background-media":"","overlay-type":"","overlay-color":"","overlay-opacity":"","overlay-gradient":""},"tablet":{"background-color":"","background-image":"","background-repeat":"repeat","background-position":"center center","background-size":"auto","background-attachment":"scroll","background-type":"","background-media":"","overlay-type":"","overlay-color":"","overlay-opacity":"","overlay-gradient":""},"mobile":{"background-color":"","background-image":"","background-repeat":"repeat","background-position":"center center","background-size":"auto","background-attachment":"scroll","background-type":"","background-media":"","overlay-type":"","overlay-color":"","overlay-opacity":"","overlay-gradient":""}},"ast-content-background-meta":{"desktop":{"background-color":"var(--ast-global-color-5)","background-image":"","background-repeat":"repeat","background-position":"center center","background-size":"auto","background-attachment":"scroll","background-type":"","background-media":"","overlay-type":"","overlay-color":"","overlay-opacity":"","overlay-gradient":""},"tablet":{"background-color":"var(--ast-global-color-5)","background-image":"","background-repeat":"repeat","background-position":"center center","background-size":"auto","background-attachment":"scroll","background-type":"","background-media":"","overlay-type":"","overlay-color":"","overlay-opacity":"","overlay-gradient":""},"mobile":{"background-color":"var(--ast-global-color-5)","background-image":"","background-repeat":"repeat","background-position":"center center","background-size":"auto","background-attachment":"scroll","background-type":"","background-media":"","overlay-type":"","overlay-color":"","overlay-opacity":"","overlay-gradient":""}},"footnotes":""},"class_list":["post-1671","page","type-page","status-publish","hentry"],"yoast_head":"<!-- This site is optimized with the Yoast SEO plugin v27.3 - https:\/\/yoast.com\/product\/yoast-seo-wordpress\/ -->\n<title>Hazte Miembro - Association of Mexican Business Owners of Philadelphia<\/title>\n<meta name=\"robots\" content=\"index, follow, max-snippet:-1, max-image-preview:large, max-video-preview:-1\" \/>\n<link rel=\"canonical\" href=\"https:\/\/aemphilly.org\/newstaging\/hazte-miembro\/\" \/>\n<meta property=\"og:locale\" content=\"es_ES\" \/>\n<meta property=\"og:type\" content=\"article\" \/>\n<meta property=\"og:title\" content=\"Hazte Miembro - Association of Mexican Business Owners of Philadelphia\" \/>\n<meta property=\"og:description\" content=\"Hazte\u00a0miembro de la\u00a0AEM Impulsa tu negocio en menos pasos, con m\u00e1s respaldo. Beneficios clave Capacitaci\u00f3n:\u00a0aprende sobre campa\u00f1as de marketing, fotograf\u00eda, redes sociales y t\u00e8cnicas que ponen tu marca en el mapa. Conexiones:\u00a0enlaces directos con gobierno, aliados estrat\u00e9gicos y otros emprendedores. Asistencia t\u00e9cnica: Ayuda con traducciones de documentos, llenado de aplicaciones, orientaci\u00f3n en impuestos y otros [&hellip;]\" \/>\n<meta property=\"og:url\" content=\"https:\/\/aemphilly.org\/newstaging\/hazte-miembro\/\" \/>\n<meta property=\"og:site_name\" content=\"Association of Mexican Business Owners of Philadelphia\" \/>\n<meta property=\"article:modified_time\" content=\"2025-06-23T01:23:50+00:00\" \/>\n<meta name=\"twitter:card\" content=\"summary_large_image\" \/>\n<meta name=\"twitter:label1\" content=\"Tiempo de lectura\" \/>\n\t<meta name=\"twitter:data1\" content=\"1 minuto\" \/>\n<script type=\"application\/ld+json\" class=\"yoast-schema-graph\">{\"@context\":\"https:\\\/\\\/schema.org\",\"@graph\":[{\"@type\":\"WebPage\",\"@id\":\"https:\\\/\\\/aemphilly.org\\\/newstaging\\\/hazte-miembro\\\/\",\"url\":\"https:\\\/\\\/aemphilly.org\\\/newstaging\\\/hazte-miembro\\\/\",\"name\":\"Hazte Miembro - Association of Mexican Business Owners of Philadelphia\",\"isPartOf\":{\"@id\":\"https:\\\/\\\/aemphilly.org\\\/newstaging\\\/#website\"},\"datePublished\":\"2025-06-23T01:16:12+00:00\",\"dateModified\":\"2025-06-23T01:23:50+00:00\",\"breadcrumb\":{\"@id\":\"https:\\\/\\\/aemphilly.org\\\/newstaging\\\/hazte-miembro\\\/#breadcrumb\"},\"inLanguage\":\"es\",\"potentialAction\":[{\"@type\":\"ReadAction\",\"target\":[\"https:\\\/\\\/aemphilly.org\\\/newstaging\\\/hazte-miembro\\\/\"]}]},{\"@type\":\"BreadcrumbList\",\"@id\":\"https:\\\/\\\/aemphilly.org\\\/newstaging\\\/hazte-miembro\\\/#breadcrumb\",\"itemListElement\":[{\"@type\":\"ListItem\",\"position\":1,\"name\":\"Home\",\"item\":\"https:\\\/\\\/aemphilly.org\\\/newstaging\\\/\"},{\"@type\":\"ListItem\",\"position\":2,\"name\":\"Hazte Miembro\"}]},{\"@type\":\"WebSite\",\"@id\":\"https:\\\/\\\/aemphilly.org\\\/newstaging\\\/#website\",\"url\":\"https:\\\/\\\/aemphilly.org\\\/newstaging\\\/\",\"name\":\"Association of Mexican Business Owners of Philadelphia\",\"description\":\"Association of Mexican Business Owners of Philadelphia\",\"publisher\":{\"@id\":\"https:\\\/\\\/aemphilly.org\\\/newstaging\\\/#organization\"},\"potentialAction\":[{\"@type\":\"SearchAction\",\"target\":{\"@type\":\"EntryPoint\",\"urlTemplate\":\"https:\\\/\\\/aemphilly.org\\\/newstaging\\\/?s={search_term_string}\"},\"query-input\":{\"@type\":\"PropertyValueSpecification\",\"valueRequired\":true,\"valueName\":\"search_term_string\"}}],\"inLanguage\":\"es\"},{\"@type\":\"Organization\",\"@id\":\"https:\\\/\\\/aemphilly.org\\\/newstaging\\\/#organization\",\"name\":\"Association of Mexican Business Owners of Philadelphia\",\"url\":\"https:\\\/\\\/aemphilly.org\\\/newstaging\\\/\",\"logo\":{\"@type\":\"ImageObject\",\"inLanguage\":\"es\",\"@id\":\"https:\\\/\\\/aemphilly.org\\\/newstaging\\\/#\\\/schema\\\/logo\\\/image\\\/\",\"url\":\"https:\\\/\\\/aemphilly.org\\\/newstaging\\\/wp-content\\\/uploads\\\/2024\\\/04\\\/Copy-of-Spanish-L-logo-512x512-PNG.png\",\"contentUrl\":\"https:\\\/\\\/aemphilly.org\\\/newstaging\\\/wp-content\\\/uploads\\\/2024\\\/04\\\/Copy-of-Spanish-L-logo-512x512-PNG.png\",\"width\":512,\"height\":144,\"caption\":\"Association of Mexican Business Owners of Philadelphia\"},\"image\":{\"@id\":\"https:\\\/\\\/aemphilly.org\\\/newstaging\\\/#\\\/schema\\\/logo\\\/image\\\/\"}}]}<\/script>\n<!-- \/ Yoast SEO plugin. -->","yoast_head_json":{"title":"Hazte Miembro - Association of Mexican Business Owners of Philadelphia","robots":{"index":"index","follow":"follow","max-snippet":"max-snippet:-1","max-image-preview":"max-image-preview:large","max-video-preview":"max-video-preview:-1"},"canonical":"https:\/\/aemphilly.org\/newstaging\/hazte-miembro\/","og_locale":"es_ES","og_type":"article","og_title":"Hazte Miembro - Association of Mexican Business Owners of Philadelphia","og_description":"Hazte\u00a0miembro de la\u00a0AEM Impulsa tu negocio en menos pasos, con m\u00e1s respaldo. Beneficios clave Capacitaci\u00f3n:\u00a0aprende sobre campa\u00f1as de marketing, fotograf\u00eda, redes sociales y t\u00e8cnicas que ponen tu marca en el mapa. Conexiones:\u00a0enlaces directos con gobierno, aliados estrat\u00e9gicos y otros emprendedores. Asistencia t\u00e9cnica: Ayuda con traducciones de documentos, llenado de aplicaciones, orientaci\u00f3n en impuestos y otros [&hellip;]","og_url":"https:\/\/aemphilly.org\/newstaging\/hazte-miembro\/","og_site_name":"Association of Mexican Business Owners of Philadelphia","article_modified_time":"2025-06-23T01:23:50+00:00","twitter_card":"summary_large_image","twitter_misc":{"Tiempo de lectura":"1 minuto"},"schema":{"@context":"https:\/\/schema.org","@graph":[{"@type":"WebPage","@id":"https:\/\/aemphilly.org\/newstaging\/hazte-miembro\/","url":"https:\/\/aemphilly.org\/newstaging\/hazte-miembro\/","name":"Hazte Miembro - Association of Mexican Business Owners of Philadelphia","isPartOf":{"@id":"https:\/\/aemphilly.org\/newstaging\/#website"},"datePublished":"2025-06-23T01:16:12+00:00","dateModified":"2025-06-23T01:23:50+00:00","breadcrumb":{"@id":"https:\/\/aemphilly.org\/newstaging\/hazte-miembro\/#breadcrumb"},"inLanguage":"es","potentialAction":[{"@type":"ReadAction","target":["https:\/\/aemphilly.org\/newstaging\/hazte-miembro\/"]}]},{"@type":"BreadcrumbList","@id":"https:\/\/aemphilly.org\/newstaging\/hazte-miembro\/#breadcrumb","itemListElement":[{"@type":"ListItem","position":1,"name":"Home","item":"https:\/\/aemphilly.org\/newstaging\/"},{"@type":"ListItem","position":2,"name":"Hazte Miembro"}]},{"@type":"WebSite","@id":"https:\/\/aemphilly.org\/newstaging\/#website","url":"https:\/\/aemphilly.org\/newstaging\/","name":"Association of Mexican Business Owners of Philadelphia","description":"Association of Mexican Business Owners of Philadelphia","publisher":{"@id":"https:\/\/aemphilly.org\/newstaging\/#organization"},"potentialAction":[{"@type":"SearchAction","target":{"@type":"EntryPoint","urlTemplate":"https:\/\/aemphilly.org\/newstaging\/?s={search_term_string}"},"query-input":{"@type":"PropertyValueSpecification","valueRequired":true,"valueName":"search_term_string"}}],"inLanguage":"es"},{"@type":"Organization","@id":"https:\/\/aemphilly.org\/newstaging\/#organization","name":"Association of Mexican Business Owners of Philadelphia","url":"https:\/\/aemphilly.org\/newstaging\/","logo":{"@type":"ImageObject","inLanguage":"es","@id":"https:\/\/aemphilly.org\/newstaging\/#\/schema\/logo\/image\/","url":"https:\/\/aemphilly.org\/newstaging\/wp-content\/uploads\/2024\/04\/Copy-of-Spanish-L-logo-512x512-PNG.png","contentUrl":"https:\/\/aemphilly.org\/newstaging\/wp-content\/uploads\/2024\/04\/Copy-of-Spanish-L-logo-512x512-PNG.png","width":512,"height":144,"caption":"Association of Mexican Business Owners of Philadelphia"},"image":{"@id":"https:\/\/aemphilly.org\/newstaging\/#\/schema\/logo\/image\/"}}]}},"_links":{"self":[{"href":"https:\/\/aemphilly.org\/newstaging\/wp-json\/wp\/v2\/pages\/1671","targetHints":{"allow":["GET"]}}],"collection":[{"href":"https:\/\/aemphilly.org\/newstaging\/wp-json\/wp\/v2\/pages"}],"about":[{"href":"https:\/\/aemphilly.org\/newstaging\/wp-json\/wp\/v2\/types\/page"}],"author":[{"embeddable":true,"href":"https:\/\/aemphilly.org\/newstaging\/wp-json\/wp\/v2\/users\/2"}],"replies":[{"embeddable":true,"href":"https:\/\/aemphilly.org\/newstaging\/wp-json\/wp\/v2\/comments?post=1671"}],"version-history":[{"count":4,"href":"https:\/\/aemphilly.org\/newstaging\/wp-json\/wp\/v2\/pages\/1671\/revisions"}],"predecessor-version":[{"id":1686,"href":"https:\/\/aemphilly.org\/newstaging\/wp-json\/wp\/v2\/pages\/1671\/revisions\/1686"}],"wp:attachment":[{"href":"https:\/\/aemphilly.org\/newstaging\/wp-json\/wp\/v2\/media?parent=1671"}],"curies":[{"name":"wp","href":"https:\/\/api.w.org\/{rel}","templated":true}]}}